{"id":9847,"date":"2025-07-24T10:01:21","date_gmt":"2025-07-24T10:01:21","guid":{"rendered":"https:\/\/munerio.de\/?page_id=9847"},"modified":"2025-07-24T10:07:19","modified_gmt":"2025-07-24T10:07:19","slug":"danke","status":"publish","type":"page","link":"https:\/\/munerio.de\/en\/danke\/","title":{"rendered":"Danke"},"content":{"rendered":"<div data-elementor-type=\"wp-page\" data-elementor-id=\"9847\" class=\"elementor elementor-9847\" data-elementor-post-type=\"page\">\n\t\t\t\t<div class=\"elementor-element elementor-element-c167050 e-flex e-con-boxed e-con e-parent\" data-id=\"c167050\" data-element_type=\"container\" data-e-type=\"container\" data-settings=\"{&quot;background_background&quot;:&quot;classic&quot;}\">\n\t\t\t\t\t<div class=\"e-con-inner\">\n\t\t<div class=\"elementor-element elementor-element-50c6cc9 e-con-full e-flex e-con e-child\" data-id=\"50c6cc9\" data-element_type=\"container\" data-e-type=\"container\">\n\t\t\t\t<div class=\"elementor-element elementor-element-477ea5a elementor-widget elementor-widget-heading\" data-id=\"477ea5a\" data-element_type=\"widget\" data-e-type=\"widget\" data-widget_type=\"heading.default\">\n\t\t\t\t<div class=\"elementor-widget-container\">\n\t\t\t\t\t<h2 class=\"elementor-heading-title elementor-size-default\">Vielen Dank f\u00fcr Ihre Kontaktaufnahme.<\/h2>\t\t\t\t<\/div>\n\t\t\t\t<\/div>\n\t\t\t\t<div class=\"elementor-element elementor-element-e34cfbe elementor-widget elementor-widget-text-editor\" data-id=\"e34cfbe\" data-element_type=\"widget\" data-e-type=\"widget\" data-widget_type=\"text-editor.default\">\n\t\t\t\t<div class=\"elementor-widget-container\">\n\t\t\t\t\t\t\t\t\t<p data-start=\"63\" data-end=\"257\">Ihre Nachricht wurde erfolgreich \u00fcbermittelt.&nbsp;<br><span style=\"letter-spacing: 0px;\">Wir werden Ihr Anliegen pr\u00fcfen und uns zeitnah mit Ihnen in Verbindung setzen \u2013 in der Regel innerhalb von ein bis zwei Werktagen.<br><\/span><span style=\"letter-spacing: 0px;\"><br>Wir danken Ihnen f\u00fcr Ihr Vertrauen und freuen uns auf den weiteren Austausch mit Ihnen.<\/span><\/p>\n<p data-start=\"555\" data-end=\"642\"><br><\/p>\n<p data-start=\"555\" data-end=\"642\">\n<\/p><p data-start=\"555\" data-end=\"642\">Mit freundlichen Gr\u00fc\u00dfen<br><span style=\"letter-spacing: 0px;\">Ihr munerio Team<\/span><\/p>\t\t\t\t\t\t\t\t<\/div>\n\t\t\t\t<\/div>\n\t\t<div class=\"elementor-element elementor-element-4206555 e-con-full e-flex e-con e-child\" data-id=\"4206555\" data-element_type=\"container\" data-e-type=\"container\">\n\t\t\t\t<div class=\"elementor-element elementor-element-e0105ef elementor-widget elementor-widget-image\" data-id=\"e0105ef\" data-element_type=\"widget\" data-e-type=\"widget\" data-widget_type=\"image.default\">\n\t\t\t\t<div class=\"elementor-widget-container\">\n\t\t\t\t\t\t\t\t\t\t\t\t\t\t\t\t<a href=\"http:\/\/munerio.de\/en\/\">\n\t\t\t\t\t\t\t<img decoding=\"async\" width=\"200\" height=\"200\" src=\"https:\/\/munerio.de\/wp-content\/uploads\/2025\/05\/Design-ohne-Titel.png\" class=\"elementor-animation-hang attachment-full size-full wp-image-8205\" alt=\"\" srcset=\"https:\/\/munerio.de\/wp-content\/uploads\/2025\/05\/Design-ohne-Titel.png 200w, https:\/\/munerio.de\/wp-content\/uploads\/2025\/05\/Design-ohne-Titel-150x150.png 150w, https:\/\/munerio.de\/wp-content\/uploads\/2025\/05\/Design-ohne-Titel-12x12.png 12w\" sizes=\"(max-width: 200px) 100vw, 200px\" \/>\t\t\t\t\t\t\t\t<\/a>\n\t\t\t\t\t\t\t\t\t\t\t\t\t\t\t<\/div>\n\t\t\t\t<\/div>\n\t\t\t\t<\/div>\n\t\t\t\t<\/div>\n\t\t\t\t\t<\/div>\n\t\t\t\t<\/div>\n\t\t\t\t<\/div>","protected":false},"excerpt":{"rendered":"<p>Vielen Dank f\u00fcr Ihre Kontaktaufnahme. Ihre Nachricht wurde erfolgreich \u00fcbermittelt.&nbsp;Wir werden Ihr Anliegen pr\u00fcfen und uns zeitnah mit Ihnen in Verbindung setzen \u2013 in der Regel innerhalb von ein bis zwei Werktagen. Wir danken Ihnen f\u00fcr Ihr Vertrauen und freuen uns auf den weiteren Austausch mit Ihnen. Mit freundlichen Gr\u00fc\u00dfenIhr munerio Team<\/p>","protected":false},"author":1,"featured_media":0,"parent":0,"menu_order":0,"comment_status":"closed","ping_status":"closed","template":"elementor_header_footer","meta":{"footnotes":""},"class_list":["post-9847","page","type-page","status-publish","hentry"],"yoast_head":"<!-- This site is optimized with the Yoast SEO plugin v27.4 - https:\/\/yoast.com\/product\/yoast-seo-wordpress\/ -->\n<title>Danke | munerio<\/title>\n<meta name=\"description\" content=\"Vielen Dank f\u00fcr Ihre Kontaktaufnahme. Ihre Nachricht wurde erfolgreich \u00fcbermittelt.&nbsp;Wir werden Ihr Anliegen pr\u00fcfen und uns zeitnah mit Ihnen in\" \/>\n<meta name=\"robots\" content=\"index, follow, max-snippet:-1, max-image-preview:large, max-video-preview:-1\" \/>\n<link rel=\"canonical\" href=\"https:\/\/munerio.de\/en\/danke\/\" \/>\n<meta property=\"og:locale\" content=\"en_GB\" \/>\n<meta property=\"og:type\" content=\"article\" \/>\n<meta property=\"og:title\" content=\"Danke | munerio\" \/>\n<meta property=\"og:description\" content=\"Vielen Dank f\u00fcr Ihre Kontaktaufnahme. Ihre Nachricht wurde erfolgreich \u00fcbermittelt.&nbsp;Wir werden Ihr Anliegen pr\u00fcfen und uns zeitnah mit Ihnen in\" \/>\n<meta property=\"og:url\" content=\"https:\/\/munerio.de\/en\/danke\/\" \/>\n<meta property=\"og:site_name\" content=\"munerio\" \/>\n<meta property=\"article:publisher\" content=\"https:\/\/www.facebook.com\/people\/munerio-consulting-GmbH\/61564084986661\" \/>\n<meta property=\"article:modified_time\" content=\"2025-07-24T10:07:19+00:00\" \/>\n<meta property=\"og:image\" content=\"https:\/\/munerio.de\/wp-content\/uploads\/2025\/05\/Design-ohne-Titel.png\" \/>\n\t<meta property=\"og:image:width\" content=\"200\" \/>\n\t<meta property=\"og:image:height\" content=\"200\" \/>\n\t<meta property=\"og:image:type\" content=\"image\/png\" \/>\n<meta name=\"twitter:card\" content=\"summary_large_image\" \/>\n<meta name=\"twitter:label1\" content=\"Estimated reading time\" \/>\n\t<meta name=\"twitter:data1\" content=\"1 minute\" \/>\n<script type=\"application\/ld+json\" class=\"yoast-schema-graph\">{\"@context\":\"https:\\\/\\\/schema.org\",\"@graph\":[{\"@type\":\"WebPage\",\"@id\":\"https:\\\/\\\/munerio.de\\\/danke\\\/\",\"url\":\"https:\\\/\\\/munerio.de\\\/danke\\\/\",\"name\":\"Danke | munerio\",\"isPartOf\":{\"@id\":\"https:\\\/\\\/munerio.de\\\/#website\"},\"primaryImageOfPage\":{\"@id\":\"https:\\\/\\\/munerio.de\\\/danke\\\/#primaryimage\"},\"image\":{\"@id\":\"https:\\\/\\\/munerio.de\\\/danke\\\/#primaryimage\"},\"thumbnailUrl\":\"https:\\\/\\\/munerio.de\\\/wp-content\\\/uploads\\\/2025\\\/05\\\/Design-ohne-Titel.png\",\"datePublished\":\"2025-07-24T10:01:21+00:00\",\"dateModified\":\"2025-07-24T10:07:19+00:00\",\"description\":\"Vielen Dank f\u00fcr Ihre Kontaktaufnahme. Ihre Nachricht wurde erfolgreich \u00fcbermittelt.&nbsp;Wir werden Ihr Anliegen pr\u00fcfen und uns zeitnah mit Ihnen in\",\"breadcrumb\":{\"@id\":\"https:\\\/\\\/munerio.de\\\/danke\\\/#breadcrumb\"},\"inLanguage\":\"en-GB\",\"potentialAction\":[{\"@type\":\"ReadAction\",\"target\":[\"https:\\\/\\\/munerio.de\\\/danke\\\/\"]}]},{\"@type\":\"ImageObject\",\"inLanguage\":\"en-GB\",\"@id\":\"https:\\\/\\\/munerio.de\\\/danke\\\/#primaryimage\",\"url\":\"https:\\\/\\\/munerio.de\\\/wp-content\\\/uploads\\\/2025\\\/05\\\/Design-ohne-Titel.png\",\"contentUrl\":\"https:\\\/\\\/munerio.de\\\/wp-content\\\/uploads\\\/2025\\\/05\\\/Design-ohne-Titel.png\"},{\"@type\":\"BreadcrumbList\",\"@id\":\"https:\\\/\\\/munerio.de\\\/danke\\\/#breadcrumb\",\"itemListElement\":[{\"@type\":\"ListItem\",\"position\":1,\"name\":\"Startseite\",\"item\":\"https:\\\/\\\/munerio.de\\\/\"},{\"@type\":\"ListItem\",\"position\":2,\"name\":\"Danke\"}]},{\"@type\":\"WebSite\",\"@id\":\"https:\\\/\\\/munerio.de\\\/#website\",\"url\":\"https:\\\/\\\/munerio.de\\\/\",\"name\":\"munerio consulting\",\"description\":\"Personalberatung mit Branchenfokus\",\"publisher\":{\"@id\":\"https:\\\/\\\/munerio.de\\\/#organization\"},\"potentialAction\":[{\"@type\":\"SearchAction\",\"target\":{\"@type\":\"EntryPoint\",\"urlTemplate\":\"https:\\\/\\\/munerio.de\\\/?s={search_term_string}\"},\"query-input\":{\"@type\":\"PropertyValueSpecification\",\"valueRequired\":true,\"valueName\":\"search_term_string\"}}],\"inLanguage\":\"en-GB\"},{\"@type\":\"Organization\",\"@id\":\"https:\\\/\\\/munerio.de\\\/#organization\",\"name\":\"munerio consulting GmbH\",\"url\":\"https:\\\/\\\/munerio.de\\\/\",\"logo\":{\"@type\":\"ImageObject\",\"inLanguage\":\"en-GB\",\"@id\":\"https:\\\/\\\/munerio.de\\\/#\\\/schema\\\/logo\\\/image\\\/\",\"url\":\"https:\\\/\\\/munerio.de\\\/wp-content\\\/uploads\\\/2025\\\/06\\\/cropped-Design-ohne-Titel-2.png\",\"contentUrl\":\"https:\\\/\\\/munerio.de\\\/wp-content\\\/uploads\\\/2025\\\/06\\\/cropped-Design-ohne-Titel-2.png\",\"width\":512,\"height\":512,\"caption\":\"munerio consulting GmbH\"},\"image\":{\"@id\":\"https:\\\/\\\/munerio.de\\\/#\\\/schema\\\/logo\\\/image\\\/\"},\"sameAs\":[\"https:\\\/\\\/www.facebook.com\\\/people\\\/munerio-consulting-GmbH\\\/61564084986661\",\"https:\\\/\\\/de.linkedin.com\\\/company\\\/munerio\",\"https:\\\/\\\/www.instagram.com\\\/munerio_consulting\\\/\"]}]}<\/script>\n<!-- \/ Yoast SEO plugin. -->","yoast_head_json":{"title":"Danke | munerio","description":"Vielen Dank f\u00fcr Ihre Kontaktaufnahme. Ihre Nachricht wurde erfolgreich \u00fcbermittelt.&nbsp;Wir werden Ihr Anliegen pr\u00fcfen und uns zeitnah mit Ihnen in","robots":{"index":"index","follow":"follow","max-snippet":"max-snippet:-1","max-image-preview":"max-image-preview:large","max-video-preview":"max-video-preview:-1"},"canonical":"https:\/\/munerio.de\/en\/danke\/","og_locale":"en_GB","og_type":"article","og_title":"Danke | munerio","og_description":"Vielen Dank f\u00fcr Ihre Kontaktaufnahme. Ihre Nachricht wurde erfolgreich \u00fcbermittelt.&nbsp;Wir werden Ihr Anliegen pr\u00fcfen und uns zeitnah mit Ihnen in","og_url":"https:\/\/munerio.de\/en\/danke\/","og_site_name":"munerio","article_publisher":"https:\/\/www.facebook.com\/people\/munerio-consulting-GmbH\/61564084986661","article_modified_time":"2025-07-24T10:07:19+00:00","og_image":[{"width":200,"height":200,"url":"https:\/\/munerio.de\/wp-content\/uploads\/2025\/05\/Design-ohne-Titel.png","type":"image\/png"}],"twitter_card":"summary_large_image","twitter_misc":{"Estimated reading time":"1 minute"},"schema":{"@context":"https:\/\/schema.org","@graph":[{"@type":"WebPage","@id":"https:\/\/munerio.de\/danke\/","url":"https:\/\/munerio.de\/danke\/","name":"Danke | munerio","isPartOf":{"@id":"https:\/\/munerio.de\/#website"},"primaryImageOfPage":{"@id":"https:\/\/munerio.de\/danke\/#primaryimage"},"image":{"@id":"https:\/\/munerio.de\/danke\/#primaryimage"},"thumbnailUrl":"https:\/\/munerio.de\/wp-content\/uploads\/2025\/05\/Design-ohne-Titel.png","datePublished":"2025-07-24T10:01:21+00:00","dateModified":"2025-07-24T10:07:19+00:00","description":"Vielen Dank f\u00fcr Ihre Kontaktaufnahme. Ihre Nachricht wurde erfolgreich \u00fcbermittelt.&nbsp;Wir werden Ihr Anliegen pr\u00fcfen und uns zeitnah mit Ihnen in","breadcrumb":{"@id":"https:\/\/munerio.de\/danke\/#breadcrumb"},"inLanguage":"en-GB","potentialAction":[{"@type":"ReadAction","target":["https:\/\/munerio.de\/danke\/"]}]},{"@type":"ImageObject","inLanguage":"en-GB","@id":"https:\/\/munerio.de\/danke\/#primaryimage","url":"https:\/\/munerio.de\/wp-content\/uploads\/2025\/05\/Design-ohne-Titel.png","contentUrl":"https:\/\/munerio.de\/wp-content\/uploads\/2025\/05\/Design-ohne-Titel.png"},{"@type":"BreadcrumbList","@id":"https:\/\/munerio.de\/danke\/#breadcrumb","itemListElement":[{"@type":"ListItem","position":1,"name":"Startseite","item":"https:\/\/munerio.de\/"},{"@type":"ListItem","position":2,"name":"Danke"}]},{"@type":"WebSite","@id":"https:\/\/munerio.de\/#website","url":"https:\/\/munerio.de\/","name":"munerio consulting","description":"a unique industry focus.","publisher":{"@id":"https:\/\/munerio.de\/#organization"},"potentialAction":[{"@type":"SearchAction","target":{"@type":"EntryPoint","urlTemplate":"https:\/\/munerio.de\/?s={search_term_string}"},"query-input":{"@type":"PropertyValueSpecification","valueRequired":true,"valueName":"search_term_string"}}],"inLanguage":"en-GB"},{"@type":"Organization","@id":"https:\/\/munerio.de\/#organization","name":"munerio consulting GmbH","url":"https:\/\/munerio.de\/","logo":{"@type":"ImageObject","inLanguage":"en-GB","@id":"https:\/\/munerio.de\/#\/schema\/logo\/image\/","url":"https:\/\/munerio.de\/wp-content\/uploads\/2025\/06\/cropped-Design-ohne-Titel-2.png","contentUrl":"https:\/\/munerio.de\/wp-content\/uploads\/2025\/06\/cropped-Design-ohne-Titel-2.png","width":512,"height":512,"caption":"munerio consulting GmbH"},"image":{"@id":"https:\/\/munerio.de\/#\/schema\/logo\/image\/"},"sameAs":["https:\/\/www.facebook.com\/people\/munerio-consulting-GmbH\/61564084986661","https:\/\/de.linkedin.com\/company\/munerio","https:\/\/www.instagram.com\/munerio_consulting\/"]}]}},"_links":{"self":[{"href":"https:\/\/munerio.de\/en\/wp-json\/wp\/v2\/pages\/9847","targetHints":{"allow":["GET"]}}],"collection":[{"href":"https:\/\/munerio.de\/en\/wp-json\/wp\/v2\/pages"}],"about":[{"href":"https:\/\/munerio.de\/en\/wp-json\/wp\/v2\/types\/page"}],"author":[{"embeddable":true,"href":"https:\/\/munerio.de\/en\/wp-json\/wp\/v2\/users\/1"}],"replies":[{"embeddable":true,"href":"https:\/\/munerio.de\/en\/wp-json\/wp\/v2\/comments?post=9847"}],"version-history":[{"count":0,"href":"https:\/\/munerio.de\/en\/wp-json\/wp\/v2\/pages\/9847\/revisions"}],"wp:attachment":[{"href":"https:\/\/munerio.de\/en\/wp-json\/wp\/v2\/media?parent=9847"}],"curies":[{"name":"wp","href":"https:\/\/api.w.org\/{rel}","templated":true}]}}