{"id":2631,"date":"2024-11-04T17:52:50","date_gmt":"2024-11-04T17:52:50","guid":{"rendered":"http:\/\/webseite.munerio.de\/?page_id=2631"},"modified":"2025-09-03T10:07:33","modified_gmt":"2025-09-03T10:07:33","slug":"impressum","status":"publish","type":"page","link":"https:\/\/munerio.de\/en\/impressum\/","title":{"rendered":"Imprint"},"content":{"rendered":"<div data-elementor-type=\"wp-page\" data-elementor-id=\"2631\" class=\"elementor elementor-2631\" data-elementor-post-type=\"page\">\n\t\t\t\t<div class=\"elementor-element elementor-element-3aba2efc e-flex e-con-boxed e-con e-parent\" data-id=\"3aba2efc\" data-element_type=\"container\" data-e-type=\"container\" data-settings=\"{&quot;background_background&quot;:&quot;classic&quot;}\">\n\t\t\t\t\t<div class=\"e-con-inner\">\n\t\t<div class=\"elementor-element elementor-element-e255907 e-con-full e-flex e-con e-child\" data-id=\"e255907\" data-element_type=\"container\" data-e-type=\"container\">\n\t\t\t\t<div class=\"elementor-element elementor-element-4b39c7e1 elementor-widget__width-initial elementor-widget elementor-widget-heading\" data-id=\"4b39c7e1\" data-element_type=\"widget\" data-e-type=\"widget\" data-widget_type=\"heading.default\">\n\t\t\t\t<div class=\"elementor-widget-container\">\n\t\t\t\t\t<h1 class=\"elementor-heading-title elementor-size-default\">Imprint\n\n\n<\/h1>\t\t\t\t<\/div>\n\t\t\t\t<\/div>\n\t\t\t\t<\/div>\n\t\t\t\t<div class=\"elementor-element elementor-element-537fbf3e elementor-widget elementor-widget-text-editor\" data-id=\"537fbf3e\" data-element_type=\"widget\" data-e-type=\"widget\" data-widget_type=\"text-editor.default\">\n\t\t\t\t<div class=\"elementor-widget-container\">\n\t\t\t\t\t\t\t\t\t<p><b class=\"themecolor\">Angaben gem\u00e4\u00df \u00a7 5 TMG<\/b><\/p>\n<p>Munerio Consulting GmbH <br>Am Treptower Park 75 <br>12435 Berlin<\/p><p><br><\/p>\n<p><b>Vertreten durch: <\/b> <br>Daniel Schm\u00f6kel und Daniel Hell-Mayer<\/p><p><br><\/p>\n<p><b>Kontakt:<\/b> <br>E <a href=\"mailto:info@munerio.de\">info@munerio.de<\/a> <br>T <span style=\"color: #fca17d;\"><a href=\"tel:+49 30 403 6691 00\">+49 30 403 6691 00<\/a><\/span> <br>F +49 30 403 6691 20<\/p><p><br><\/p>\n<p><b>Eintragung im Handelsregister: <\/b><br>Registergericht: Amtsgericht Berlin-Charlottenburg <br>Registernummer: HRB 195350 B <br>USt-IdNr.: DE317967431 <br>Finanzamt Berlin<\/p><p><br><\/p>\n<p><b>Haftung f\u00fcr Inhalte <\/b><br>Die Inhalte unserer Seiten wurden mit gr\u00f6\u00dfter Sorgfalt erstellt. F\u00fcr die Richtigkeit, Vollst\u00e4ndigkeit und Aktualit\u00e4t der Inhalte k\u00f6nnen wir jedoch keine Gew\u00e4hr \u00fcbernehmen. Als Diensteanbieter sind wir gem\u00e4\u00df \u00a7 7 Abs.1 TMG f\u00fcr eigene Inhalte auf diesen Seiten nach den allgemeinen Gesetzen verantwortlich. <br>Nach \u00a7\u00a7 8 bis 10 TMG sind wir als Diensteanbieter jedoch nicht verpflichtet, \u00fcbermittelte oder gespeicherte fremde Informationen zu \u00fcberwachen oder nach Umst\u00e4nden zu forschen, die auf eine rechtswidrige T\u00e4tigkeit hinweisen. Verpflichtungen zur Entfernung oder Sperrung der Nutzung von Informationen nach den allgemeinen Gesetzen bleiben hiervon unber\u00fchrt. Eine diesbez\u00fcgliche Haftung ist jedoch erst ab dem Zeitpunkt der Kenntnis einer konkreten Rechtsverletzung m\u00f6glich. Bei Bekanntwerden von entsprechenden Rechtsverletzungen werden wir diese Inhalte umgehend entfernen.<\/p><p><br><\/p>\n<p><b>Urheberrecht<\/b> <br>Die durch die Seitenbetreiber erstellten Inhalte und Werke auf diesen Seiten unterliegen dem deutschen Urheberrecht. Die Vervielf\u00e4ltigung, Bearbeitung, Verbreitung und jede Art der Verwertung au\u00dferhalb der Grenzen des Urheberrechtes bed\u00fcrfen der schriftlichen Zustimmung des jeweiligen Autors bzw. Erstellers. Downloads und Kopien dieser Seite sind nur f\u00fcr den privaten, nicht kommerziellen Gebrauch gestattet. <br>Soweit die Inhalte auf dieser Seite nicht vom Betreiber erstellt wurden, werden die Urheberrechte Dritter beachtet. Insbesondere werden Inhalte Dritter als solche gekennzeichnet. Sollten Sie trotzdem auf eine Urheberrechtsverletzung aufmerksam werden, bitten wir um einen entsprechenden Hinweis. Bei Bekanntwerden von Rechtsverletzungen werden wir derartige Inhalte umgehend entfernen.<\/p>\n<p><script src=\"moz-extension:\/\/0b038f62-cc22-ea4b-809c-4abb96ce781a\/zbscormscript.js\"><\/script><\/p>\t\t\t\t\t\t\t\t<\/div>\n\t\t\t\t<\/div>\n\t\t\t\t\t<\/div>\n\t\t\t\t<\/div>\n\t\t\t\t<\/div>","protected":false},"excerpt":{"rendered":"<p>Impressum Angaben gem\u00e4\u00df \u00a7 5 TMG Munerio Consulting GmbH Am Treptower Park 75 12435 Berlin Vertreten durch: Daniel Schm\u00f6kel und Daniel Hell-Mayer Kontakt: E info@munerio.de T +49 30 403 6691 00 F +49 30 403 6691 20 Eintragung im Handelsregister: Registergericht: Amtsgericht Berlin-Charlottenburg Registernummer: HRB 195350 B USt-IdNr.: DE317967431 Finanzamt Berlin Haftung f\u00fcr Inhalte Die [&hellip;]<\/p>\n","protected":false},"author":1,"featured_media":0,"parent":0,"menu_order":0,"comment_status":"closed","ping_status":"closed","template":"elementor_theme","meta":{"footnotes":""},"class_list":["post-2631","page","type-page","status-publish","hentry"],"yoast_head":"<!-- This site is optimized with the Yoast SEO plugin v27.3 - https:\/\/yoast.com\/product\/yoast-seo-wordpress\/ -->\n<title>Impressum | munerio<\/title>\n<meta name=\"description\" content=\"Impressum Angaben gem\u00e4\u00df \u00a7 5 TMG Munerio Consulting GmbH Am Treptower Park 75 12435 Berlin Vertreten durch: Daniel Schm\u00f6kel und Daniel Hell-Mayer Kontakt:\" \/>\n<meta name=\"robots\" content=\"index, follow, max-snippet:-1, max-image-preview:large, max-video-preview:-1\" \/>\n<link rel=\"canonical\" href=\"https:\/\/munerio.de\/en\/impressum\/\" \/>\n<meta property=\"og:locale\" content=\"en_GB\" \/>\n<meta property=\"og:type\" content=\"article\" \/>\n<meta property=\"og:title\" content=\"Impressum | munerio\" \/>\n<meta property=\"og:description\" content=\"Impressum Angaben gem\u00e4\u00df \u00a7 5 TMG Munerio Consulting GmbH Am Treptower Park 75 12435 Berlin Vertreten durch: Daniel Schm\u00f6kel und Daniel Hell-Mayer Kontakt:\" \/>\n<meta property=\"og:url\" content=\"https:\/\/munerio.de\/en\/impressum\/\" \/>\n<meta property=\"og:site_name\" content=\"munerio\" \/>\n<meta property=\"article:publisher\" content=\"https:\/\/www.facebook.com\/people\/munerio-consulting-GmbH\/61564084986661\" \/>\n<meta property=\"article:modified_time\" content=\"2025-09-03T10:07:33+00:00\" \/>\n<meta property=\"og:image\" content=\"https:\/\/munerio.de\/wp-content\/uploads\/2025\/06\/Design-ohne-Titel-3.png\" \/>\n\t<meta property=\"og:image:width\" content=\"1200\" \/>\n\t<meta property=\"og:image:height\" content=\"630\" \/>\n\t<meta property=\"og:image:type\" content=\"image\/png\" \/>\n<meta name=\"twitter:card\" content=\"summary_large_image\" \/>\n<meta name=\"twitter:label1\" content=\"Estimated reading time\" \/>\n\t<meta name=\"twitter:data1\" content=\"2 minutes\" \/>\n<script type=\"application\/ld+json\" class=\"yoast-schema-graph\">{\"@context\":\"https:\\\/\\\/schema.org\",\"@graph\":[{\"@type\":\"WebPage\",\"@id\":\"https:\\\/\\\/munerio.de\\\/impressum\\\/\",\"url\":\"https:\\\/\\\/munerio.de\\\/impressum\\\/\",\"name\":\"Impressum | munerio\",\"isPartOf\":{\"@id\":\"https:\\\/\\\/munerio.de\\\/#website\"},\"datePublished\":\"2024-11-04T17:52:50+00:00\",\"dateModified\":\"2025-09-03T10:07:33+00:00\",\"description\":\"Impressum Angaben gem\u00e4\u00df \u00a7 5 TMG Munerio Consulting GmbH Am Treptower Park 75 12435 Berlin Vertreten durch: Daniel Schm\u00f6kel und Daniel Hell-Mayer Kontakt:\",\"breadcrumb\":{\"@id\":\"https:\\\/\\\/munerio.de\\\/impressum\\\/#breadcrumb\"},\"inLanguage\":\"en-GB\",\"potentialAction\":[{\"@type\":\"ReadAction\",\"target\":[\"https:\\\/\\\/munerio.de\\\/impressum\\\/\"]}]},{\"@type\":\"BreadcrumbList\",\"@id\":\"https:\\\/\\\/munerio.de\\\/impressum\\\/#breadcrumb\",\"itemListElement\":[{\"@type\":\"ListItem\",\"position\":1,\"name\":\"Startseite\",\"item\":\"https:\\\/\\\/munerio.de\\\/\"},{\"@type\":\"ListItem\",\"position\":2,\"name\":\"Impressum\"}]},{\"@type\":\"WebSite\",\"@id\":\"https:\\\/\\\/munerio.de\\\/#website\",\"url\":\"https:\\\/\\\/munerio.de\\\/\",\"name\":\"munerio consulting\",\"description\":\"Personalberatung mit Branchenfokus\",\"publisher\":{\"@id\":\"https:\\\/\\\/munerio.de\\\/#organization\"},\"potentialAction\":[{\"@type\":\"SearchAction\",\"target\":{\"@type\":\"EntryPoint\",\"urlTemplate\":\"https:\\\/\\\/munerio.de\\\/?s={search_term_string}\"},\"query-input\":{\"@type\":\"PropertyValueSpecification\",\"valueRequired\":true,\"valueName\":\"search_term_string\"}}],\"inLanguage\":\"en-GB\"},{\"@type\":\"Organization\",\"@id\":\"https:\\\/\\\/munerio.de\\\/#organization\",\"name\":\"munerio consulting GmbH\",\"url\":\"https:\\\/\\\/munerio.de\\\/\",\"logo\":{\"@type\":\"ImageObject\",\"inLanguage\":\"en-GB\",\"@id\":\"https:\\\/\\\/munerio.de\\\/#\\\/schema\\\/logo\\\/image\\\/\",\"url\":\"https:\\\/\\\/munerio.de\\\/wp-content\\\/uploads\\\/2025\\\/06\\\/cropped-Design-ohne-Titel-2.png\",\"contentUrl\":\"https:\\\/\\\/munerio.de\\\/wp-content\\\/uploads\\\/2025\\\/06\\\/cropped-Design-ohne-Titel-2.png\",\"width\":512,\"height\":512,\"caption\":\"munerio consulting GmbH\"},\"image\":{\"@id\":\"https:\\\/\\\/munerio.de\\\/#\\\/schema\\\/logo\\\/image\\\/\"},\"sameAs\":[\"https:\\\/\\\/www.facebook.com\\\/people\\\/munerio-consulting-GmbH\\\/61564084986661\",\"https:\\\/\\\/de.linkedin.com\\\/company\\\/munerio\",\"https:\\\/\\\/www.instagram.com\\\/munerio_consulting\\\/\"]}]}<\/script>\n<!-- \/ Yoast SEO plugin. -->","yoast_head_json":{"title":"Impressum | munerio","description":"Impressum Angaben gem\u00e4\u00df \u00a7 5 TMG Munerio Consulting GmbH Am Treptower Park 75 12435 Berlin Vertreten durch: Daniel Schm\u00f6kel und Daniel Hell-Mayer Kontakt:","robots":{"index":"index","follow":"follow","max-snippet":"max-snippet:-1","max-image-preview":"max-image-preview:large","max-video-preview":"max-video-preview:-1"},"canonical":"https:\/\/munerio.de\/en\/impressum\/","og_locale":"en_GB","og_type":"article","og_title":"Impressum | munerio","og_description":"Impressum Angaben gem\u00e4\u00df \u00a7 5 TMG Munerio Consulting GmbH Am Treptower Park 75 12435 Berlin Vertreten durch: Daniel Schm\u00f6kel und Daniel Hell-Mayer Kontakt:","og_url":"https:\/\/munerio.de\/en\/impressum\/","og_site_name":"munerio","article_publisher":"https:\/\/www.facebook.com\/people\/munerio-consulting-GmbH\/61564084986661","article_modified_time":"2025-09-03T10:07:33+00:00","og_image":[{"width":1200,"height":630,"url":"https:\/\/munerio.de\/wp-content\/uploads\/2025\/06\/Design-ohne-Titel-3.png","type":"image\/png"}],"twitter_card":"summary_large_image","twitter_misc":{"Estimated reading time":"2 minutes"},"schema":{"@context":"https:\/\/schema.org","@graph":[{"@type":"WebPage","@id":"https:\/\/munerio.de\/impressum\/","url":"https:\/\/munerio.de\/impressum\/","name":"Impressum | munerio","isPartOf":{"@id":"https:\/\/munerio.de\/#website"},"datePublished":"2024-11-04T17:52:50+00:00","dateModified":"2025-09-03T10:07:33+00:00","description":"Impressum Angaben gem\u00e4\u00df \u00a7 5 TMG Munerio Consulting GmbH Am Treptower Park 75 12435 Berlin Vertreten durch: Daniel Schm\u00f6kel und Daniel Hell-Mayer Kontakt:","breadcrumb":{"@id":"https:\/\/munerio.de\/impressum\/#breadcrumb"},"inLanguage":"en-GB","potentialAction":[{"@type":"ReadAction","target":["https:\/\/munerio.de\/impressum\/"]}]},{"@type":"BreadcrumbList","@id":"https:\/\/munerio.de\/impressum\/#breadcrumb","itemListElement":[{"@type":"ListItem","position":1,"name":"Startseite","item":"https:\/\/munerio.de\/"},{"@type":"ListItem","position":2,"name":"Impressum"}]},{"@type":"WebSite","@id":"https:\/\/munerio.de\/#website","url":"https:\/\/munerio.de\/","name":"munerio consulting","description":"a unique industry focus.","publisher":{"@id":"https:\/\/munerio.de\/#organization"},"potentialAction":[{"@type":"SearchAction","target":{"@type":"EntryPoint","urlTemplate":"https:\/\/munerio.de\/?s={search_term_string}"},"query-input":{"@type":"PropertyValueSpecification","valueRequired":true,"valueName":"search_term_string"}}],"inLanguage":"en-GB"},{"@type":"Organization","@id":"https:\/\/munerio.de\/#organization","name":"munerio consulting GmbH","url":"https:\/\/munerio.de\/","logo":{"@type":"ImageObject","inLanguage":"en-GB","@id":"https:\/\/munerio.de\/#\/schema\/logo\/image\/","url":"https:\/\/munerio.de\/wp-content\/uploads\/2025\/06\/cropped-Design-ohne-Titel-2.png","contentUrl":"https:\/\/munerio.de\/wp-content\/uploads\/2025\/06\/cropped-Design-ohne-Titel-2.png","width":512,"height":512,"caption":"munerio consulting GmbH"},"image":{"@id":"https:\/\/munerio.de\/#\/schema\/logo\/image\/"},"sameAs":["https:\/\/www.facebook.com\/people\/munerio-consulting-GmbH\/61564084986661","https:\/\/de.linkedin.com\/company\/munerio","https:\/\/www.instagram.com\/munerio_consulting\/"]}]}},"_links":{"self":[{"href":"https:\/\/munerio.de\/en\/wp-json\/wp\/v2\/pages\/2631","targetHints":{"allow":["GET"]}}],"collection":[{"href":"https:\/\/munerio.de\/en\/wp-json\/wp\/v2\/pages"}],"about":[{"href":"https:\/\/munerio.de\/en\/wp-json\/wp\/v2\/types\/page"}],"author":[{"embeddable":true,"href":"https:\/\/munerio.de\/en\/wp-json\/wp\/v2\/users\/1"}],"replies":[{"embeddable":true,"href":"https:\/\/munerio.de\/en\/wp-json\/wp\/v2\/comments?post=2631"}],"version-history":[{"count":0,"href":"https:\/\/munerio.de\/en\/wp-json\/wp\/v2\/pages\/2631\/revisions"}],"wp:attachment":[{"href":"https:\/\/munerio.de\/en\/wp-json\/wp\/v2\/media?parent=2631"}],"curies":[{"name":"wp","href":"https:\/\/api.w.org\/{rel}","templated":true}]}}